{"id":802,"date":"2020-12-10T08:02:32","date_gmt":"2020-12-10T08:02:32","guid":{"rendered":"https:\/\/www.slovenia-green.si\/?page_id=802"},"modified":"2021-05-11T07:06:58","modified_gmt":"2021-05-11T07:06:58","slug":"o-slovenia-green","status":"publish","type":"page","link":"https:\/\/www.slovenia-green.si\/sl\/o-slovenia-green\/","title":{"rendered":"Slovenia green"},"content":{"rendered":"<h3 style=\"text-align: center;\">Zelena shema slovenskega turizma<\/h3>\n<p style=\"text-align: center;\">Za usmerjeno delovanje na podro\u010dju razvoja trajnostnega turizma je klju\u010dno aktivno sodelovanje med destinacijami, turisti\u010dnimi ponudniki in drugimi turisti\u010dnimi dele\u017eniki.<\/p>\n<p style=\"text-align: center;\">V ta namen je bila razvita Zelena shema slovenskega turizma, nacionalni certifikacijski program, ki pod krovno znamko SLOVENIA GREEN zdru\u017euje vsa prizadevanja za trajnostni razvoj turizma v Sloveniji.<\/p>\n<p>&nbsp;<\/p>\n","protected":false},"excerpt":{"rendered":"<p>Zelena shema slovenskega turizma Za usmerjeno delovanje na podro\u010dju razvoja trajnostnega turizma je klju\u010dno aktivno [&hellip;]<\/p>\n","protected":false},"author":1,"featured_media":857,"parent":0,"menu_order":0,"comment_status":"closed","ping_status":"closed","template":"template-about.php","meta":{"_acf_changed":false,"inline_featured_image":false,"footnotes":""},"class_list":["post-802","page","type-page","status-publish","has-post-thumbnail","hentry"],"acf":[],"yoast_head":"<!-- This site is optimized with the Yoast SEO plugin v27.2 - https:\/\/yoast.com\/product\/yoast-seo-wordpress\/ -->\n<title>O Slovenia Green - Zelena shema slovenskega turizma<\/title>\n<meta name=\"description\" content=\"Nacionalno orodje za vpeljevanje trajnostnega turizma v poslovanje destinacij in turisti\u010dnih podjetij, ki deluje pod znamko SLOVENIA GREEN.\" \/>\n<meta name=\"robots\" content=\"index, follow, max-snippet:-1, max-image-preview:large, max-video-preview:-1\" \/>\n<link rel=\"canonical\" href=\"https:\/\/www.slovenia-green.si\/sl\/o-slovenia-green\/\" \/>\n<meta property=\"og:locale\" content=\"sl_SI\" \/>\n<meta property=\"og:type\" content=\"article\" \/>\n<meta property=\"og:title\" content=\"O Slovenia Green - Zelena shema slovenskega turizma\" \/>\n<meta property=\"og:description\" content=\"Nacionalno orodje za vpeljevanje trajnostnega turizma v poslovanje destinacij in turisti\u010dnih podjetij, ki deluje pod znamko SLOVENIA GREEN.\" \/>\n<meta property=\"og:url\" content=\"https:\/\/www.slovenia-green.si\/sl\/o-slovenia-green\/\" \/>\n<meta property=\"og:site_name\" content=\"Slovenia green\" \/>\n<meta property=\"article:modified_time\" content=\"2021-05-11T07:06:58+00:00\" \/>\n<meta property=\"og:image\" content=\"https:\/\/www.slovenia-green.si\/wp-content\/uploads\/2021\/04\/F014014-zelena_slovenija_ciril_jazbec_l1002750-photo-s.jpg\" \/>\n\t<meta property=\"og:image:width\" content=\"800\" \/>\n\t<meta property=\"og:image:height\" content=\"1200\" \/>\n\t<meta property=\"og:image:type\" content=\"image\/jpeg\" \/>\n<meta name=\"twitter:card\" content=\"summary_large_image\" \/>\n<meta name=\"twitter:title\" content=\"O Slovenia Green - Zelena shema slovenskega turizma\" \/>\n<meta name=\"twitter:description\" content=\"Nacionalno orodje za vpeljevanje trajnostnega turizma v poslovanje destinacij in turisti\u010dnih podjetij, ki deluje pod znamko SLOVENIA GREEN.\" \/>\n<meta name=\"twitter:image\" content=\"https:\/\/www.slovenia-green.si\/wp-content\/uploads\/2021\/04\/F014014-zelena_slovenija_ciril_jazbec_l1002750-photo-s.jpg\" \/>\n<script type=\"application\/ld+json\" class=\"yoast-schema-graph\">{\"@context\":\"https:\/\/schema.org\",\"@graph\":[{\"@type\":\"WebPage\",\"@id\":\"https:\/\/www.slovenia-green.si\/sl\/o-slovenia-green\/\",\"url\":\"https:\/\/www.slovenia-green.si\/sl\/o-slovenia-green\/\",\"name\":\"O Slovenia Green - Zelena shema slovenskega turizma\",\"isPartOf\":{\"@id\":\"https:\/\/www.slovenia-green.si\/sl\/#website\"},\"primaryImageOfPage\":{\"@id\":\"https:\/\/www.slovenia-green.si\/sl\/o-slovenia-green\/#primaryimage\"},\"image\":{\"@id\":\"https:\/\/www.slovenia-green.si\/sl\/o-slovenia-green\/#primaryimage\"},\"thumbnailUrl\":\"https:\/\/www.slovenia-green.si\/wp-content\/uploads\/2020\/12\/F005488-mangart_jost_gantar_sto_2015_20_orig_jpg-photo-m-1.png\",\"datePublished\":\"2020-12-10T08:02:32+00:00\",\"dateModified\":\"2021-05-11T07:06:58+00:00\",\"description\":\"Nacionalno orodje za vpeljevanje trajnostnega turizma v poslovanje destinacij in turisti\u010dnih podjetij, ki deluje pod znamko SLOVENIA GREEN.\",\"breadcrumb\":{\"@id\":\"https:\/\/www.slovenia-green.si\/sl\/o-slovenia-green\/#breadcrumb\"},\"inLanguage\":\"sl-SI\",\"potentialAction\":[{\"@type\":\"ReadAction\",\"target\":[\"https:\/\/www.slovenia-green.si\/sl\/o-slovenia-green\/\"]}]},{\"@type\":\"ImageObject\",\"inLanguage\":\"sl-SI\",\"@id\":\"https:\/\/www.slovenia-green.si\/sl\/o-slovenia-green\/#primaryimage\",\"url\":\"https:\/\/www.slovenia-green.si\/wp-content\/uploads\/2020\/12\/F005488-mangart_jost_gantar_sto_2015_20_orig_jpg-photo-m-1.png\",\"contentUrl\":\"https:\/\/www.slovenia-green.si\/wp-content\/uploads\/2020\/12\/F005488-mangart_jost_gantar_sto_2015_20_orig_jpg-photo-m-1.png\",\"width\":1440,\"height\":630},{\"@type\":\"BreadcrumbList\",\"@id\":\"https:\/\/www.slovenia-green.si\/sl\/o-slovenia-green\/#breadcrumb\",\"itemListElement\":[{\"@type\":\"ListItem\",\"position\":1,\"name\":\"Home\",\"item\":\"https:\/\/www.slovenia-green.si\/sl\/\"},{\"@type\":\"ListItem\",\"position\":2,\"name\":\"Slovenia green\"}]},{\"@type\":\"WebSite\",\"@id\":\"https:\/\/www.slovenia-green.si\/sl\/#website\",\"url\":\"https:\/\/www.slovenia-green.si\/sl\/\",\"name\":\"Slovenia green\",\"description\":\"welcome\",\"potentialAction\":[{\"@type\":\"SearchAction\",\"target\":{\"@type\":\"EntryPoint\",\"urlTemplate\":\"https:\/\/www.slovenia-green.si\/sl\/?s={search_term_string}\"},\"query-input\":{\"@type\":\"PropertyValueSpecification\",\"valueRequired\":true,\"valueName\":\"search_term_string\"}}],\"inLanguage\":\"sl-SI\"}]}<\/script>\n<!-- \/ Yoast SEO plugin. -->","yoast_head_json":{"title":"O Slovenia Green - Zelena shema slovenskega turizma","description":"Nacionalno orodje za vpeljevanje trajnostnega turizma v poslovanje destinacij in turisti\u010dnih podjetij, ki deluje pod znamko SLOVENIA GREEN.","robots":{"index":"index","follow":"follow","max-snippet":"max-snippet:-1","max-image-preview":"max-image-preview:large","max-video-preview":"max-video-preview:-1"},"canonical":"https:\/\/www.slovenia-green.si\/sl\/o-slovenia-green\/","og_locale":"sl_SI","og_type":"article","og_title":"O Slovenia Green - Zelena shema slovenskega turizma","og_description":"Nacionalno orodje za vpeljevanje trajnostnega turizma v poslovanje destinacij in turisti\u010dnih podjetij, ki deluje pod znamko SLOVENIA GREEN.","og_url":"https:\/\/www.slovenia-green.si\/sl\/o-slovenia-green\/","og_site_name":"Slovenia green","article_modified_time":"2021-05-11T07:06:58+00:00","og_image":[{"width":800,"height":1200,"url":"https:\/\/www.slovenia-green.si\/wp-content\/uploads\/2021\/04\/F014014-zelena_slovenija_ciril_jazbec_l1002750-photo-s.jpg","type":"image\/jpeg"}],"twitter_card":"summary_large_image","twitter_title":"O Slovenia Green - Zelena shema slovenskega turizma","twitter_description":"Nacionalno orodje za vpeljevanje trajnostnega turizma v poslovanje destinacij in turisti\u010dnih podjetij, ki deluje pod znamko SLOVENIA GREEN.","twitter_image":"https:\/\/www.slovenia-green.si\/wp-content\/uploads\/2021\/04\/F014014-zelena_slovenija_ciril_jazbec_l1002750-photo-s.jpg","schema":{"@context":"https:\/\/schema.org","@graph":[{"@type":"WebPage","@id":"https:\/\/www.slovenia-green.si\/sl\/o-slovenia-green\/","url":"https:\/\/www.slovenia-green.si\/sl\/o-slovenia-green\/","name":"O Slovenia Green - Zelena shema slovenskega turizma","isPartOf":{"@id":"https:\/\/www.slovenia-green.si\/sl\/#website"},"primaryImageOfPage":{"@id":"https:\/\/www.slovenia-green.si\/sl\/o-slovenia-green\/#primaryimage"},"image":{"@id":"https:\/\/www.slovenia-green.si\/sl\/o-slovenia-green\/#primaryimage"},"thumbnailUrl":"https:\/\/www.slovenia-green.si\/wp-content\/uploads\/2020\/12\/F005488-mangart_jost_gantar_sto_2015_20_orig_jpg-photo-m-1.png","datePublished":"2020-12-10T08:02:32+00:00","dateModified":"2021-05-11T07:06:58+00:00","description":"Nacionalno orodje za vpeljevanje trajnostnega turizma v poslovanje destinacij in turisti\u010dnih podjetij, ki deluje pod znamko SLOVENIA GREEN.","breadcrumb":{"@id":"https:\/\/www.slovenia-green.si\/sl\/o-slovenia-green\/#breadcrumb"},"inLanguage":"sl-SI","potentialAction":[{"@type":"ReadAction","target":["https:\/\/www.slovenia-green.si\/sl\/o-slovenia-green\/"]}]},{"@type":"ImageObject","inLanguage":"sl-SI","@id":"https:\/\/www.slovenia-green.si\/sl\/o-slovenia-green\/#primaryimage","url":"https:\/\/www.slovenia-green.si\/wp-content\/uploads\/2020\/12\/F005488-mangart_jost_gantar_sto_2015_20_orig_jpg-photo-m-1.png","contentUrl":"https:\/\/www.slovenia-green.si\/wp-content\/uploads\/2020\/12\/F005488-mangart_jost_gantar_sto_2015_20_orig_jpg-photo-m-1.png","width":1440,"height":630},{"@type":"BreadcrumbList","@id":"https:\/\/www.slovenia-green.si\/sl\/o-slovenia-green\/#breadcrumb","itemListElement":[{"@type":"ListItem","position":1,"name":"Home","item":"https:\/\/www.slovenia-green.si\/sl\/"},{"@type":"ListItem","position":2,"name":"Slovenia green"}]},{"@type":"WebSite","@id":"https:\/\/www.slovenia-green.si\/sl\/#website","url":"https:\/\/www.slovenia-green.si\/sl\/","name":"Slovenia green","description":"welcome","potentialAction":[{"@type":"SearchAction","target":{"@type":"EntryPoint","urlTemplate":"https:\/\/www.slovenia-green.si\/sl\/?s={search_term_string}"},"query-input":{"@type":"PropertyValueSpecification","valueRequired":true,"valueName":"search_term_string"}}],"inLanguage":"sl-SI"}]}},"_links":{"self":[{"href":"https:\/\/www.slovenia-green.si\/sl\/wp-json\/wp\/v2\/pages\/802","targetHints":{"allow":["GET"]}}],"collection":[{"href":"https:\/\/www.slovenia-green.si\/sl\/wp-json\/wp\/v2\/pages"}],"about":[{"href":"https:\/\/www.slovenia-green.si\/sl\/wp-json\/wp\/v2\/types\/page"}],"author":[{"embeddable":true,"href":"https:\/\/www.slovenia-green.si\/sl\/wp-json\/wp\/v2\/users\/1"}],"replies":[{"embeddable":true,"href":"https:\/\/www.slovenia-green.si\/sl\/wp-json\/wp\/v2\/comments?post=802"}],"version-history":[{"count":10,"href":"https:\/\/www.slovenia-green.si\/sl\/wp-json\/wp\/v2\/pages\/802\/revisions"}],"predecessor-version":[{"id":3615,"href":"https:\/\/www.slovenia-green.si\/sl\/wp-json\/wp\/v2\/pages\/802\/revisions\/3615"}],"wp:featuredmedia":[{"embeddable":true,"href":"https:\/\/www.slovenia-green.si\/sl\/wp-json\/wp\/v2\/media\/857"}],"wp:attachment":[{"href":"https:\/\/www.slovenia-green.si\/sl\/wp-json\/wp\/v2\/media?parent=802"}],"curies":[{"name":"wp","href":"https:\/\/api.w.org\/{rel}","templated":true}]}}